{"id":18,"date":"2018-11-12T09:06:15","date_gmt":"2018-11-12T09:06:15","guid":{"rendered":"https:\/\/be-universal.com\/?page_id=18"},"modified":"2019-01-29T14:19:51","modified_gmt":"2019-01-29T14:19:51","slug":"opportunities","status":"publish","type":"page","link":"https:\/\/be-universal.com\/es\/opportunities\/","title":{"rendered":"OPORTUNIDADES"},"content":{"rendered":"<p>[et_pb_section fb_built=&#8221;1&#8243; custom_padding_last_edited=&#8221;on|phone&#8221; _builder_version=&#8221;3.19.4&#8243; background_image=&#8221;https:\/\/be-universal.com\/wp-content\/uploads\/2019\/01\/Cabecera-e1547206327373.png&#8221; custom_margin=&#8221;||&#8221; custom_margin_phone=&#8221;0px||&#8221; custom_margin_last_edited=&#8221;on|desktop&#8221; custom_padding_phone=&#8221;0px||0px&#8221;][et_pb_row _builder_version=&#8221;3.17.6&#8243;][et_pb_column type=&#8221;4_4&#8243; _builder_version=&#8221;3.17.6&#8243; parallax=&#8221;off&#8221; parallax_method=&#8221;on&#8221;][et_pb_text _builder_version=&#8221;3.19.4&#8243; text_font=&#8221;||||||||&#8221; text_text_color=&#8221;#ffffff&#8221; text_font_size=&#8221;60px&#8221; text_font_size_phone=&#8221;31px&#8221; text_font_size_last_edited=&#8221;on|phone&#8221; text_orientation=&#8221;center&#8221; custom_margin_phone=&#8221;|||30px&#8221; custom_margin_last_edited=&#8221;on|phone&#8221;]<\/p>\n<p>OPORTUNIDADES<\/p>\n<p>[\/et_pb_text][\/et_pb_column][\/et_pb_row][\/et_pb_section][et_pb_section fb_built=&#8221;1&#8243; custom_padding_last_edited=&#8221;on|phone&#8221; admin_label=&#8221;Testimonials Section&#8221; _builder_version=&#8221;3.17.6&#8243; background_color=&#8221;rgba(255,255,255,0.85)&#8221; background_color_gradient_direction=&#8221;75deg&#8221; custom_padding=&#8221;68px|0|90px|0px|false|false&#8221; custom_padding_phone=&#8221;30px||30px&#8221;][et_pb_row use_custom_width=&#8221;on&#8221; _builder_version=&#8221;3.17.6&#8243; locked=&#8221;off&#8221;][et_pb_column type=&#8221;1_2&#8243; _builder_version=&#8221;3.0.47&#8243; parallax=&#8221;off&#8221; parallax_method=&#8221;on&#8221;][et_pb_text _builder_version=&#8221;3.19.5&#8243; text_font=&#8221;||||||||&#8221; header_font=&#8221;||||||||&#8221; header_text_align=&#8221;center&#8221; header_text_color=&#8221;#00CCFF&#8221; header_3_font=&#8221;Rubik|300|||||||&#8221; header_3_text_align=&#8221;center&#8221; header_3_text_color=&#8221;#00CCFF&#8221; header_3_font_size=&#8221;36px&#8221; header_3_line_height=&#8221;1.4em&#8221; text_orientation=&#8221;center&#8221; background_layout=&#8221;dark&#8221; custom_margin=&#8221;||||false&#8221; custom_margin_tablet=&#8221;0%||0%&#8221; custom_margin_phone=&#8221;||7%&#8221; custom_margin_last_edited=&#8221;on|phone&#8221;]<\/p>\n<h3 >EUROPEAN MARKETS<\/h3>\n<p>[\/et_pb_text][et_pb_text _builder_version=&#8221;3.19.4&#8243; text_font=&#8221;Rubik||||||||&#8221; text_text_color=&#8221;#000000&#8243; text_font_size=&#8221;15px&#8221; text_line_height=&#8221;1.8em&#8221; header_font=&#8221;||||||||&#8221; header_text_color=&#8221;#000000&#8243; header_3_font=&#8221;Rubik|300|||||||&#8221; header_3_text_align=&#8221;center&#8221; header_3_font_size=&#8221;18px&#8221; header_3_line_height=&#8221;1.4em&#8221; background_layout=&#8221;dark&#8221; custom_css_main_element=&#8221;height:300px;&#8221;]<\/p>\n<h3><span style=\"color: #000000;\">Deportivas y de marketing. Trabajamos con los mejores gestores y mejoramos la influencia en las redes sociales para alcanzar a m\u00e1s seguidores, mejorar la tasa de participaci\u00f3n y la repercusi\u00f3n para despu\u00e9s optar a mejores oportunidades de patrocinio en el mercado europeo.<\/span><\/h3>\n<h3><span style=\"color: #000000;\"><br \/>\nBe Universal implementa estrategias a medida para cada atleta interesada, ci\u00f1\u00e9ndonos a sus objetivos deportivos y personales.<\/span><\/h3>\n<p>[\/et_pb_text][et_pb_image src=&#8221;https:\/\/be-universal.com\/wp-content\/uploads\/2018\/12\/Europe.png&#8221; _builder_version=&#8221;3.17.6&#8243; custom_margin_phone=&#8221;140px||15px&#8221; custom_margin_last_edited=&#8221;on|phone&#8221;]<br \/>\n[\/et_pb_image][\/et_pb_column][et_pb_column type=&#8221;1_2&#8243; _builder_version=&#8221;3.0.47&#8243; parallax=&#8221;off&#8221; parallax_method=&#8221;on&#8221;][et_pb_text _builder_version=&#8221;3.19.5&#8243; text_font=&#8221;||||||||&#8221; header_font=&#8221;||||||||&#8221; header_text_align=&#8221;center&#8221; header_text_color=&#8221;#00CCFF&#8221; header_3_font=&#8221;Rubik|300|||||||&#8221; header_3_text_color=&#8221;#00CCFF&#8221; header_3_font_size=&#8221;36px&#8221; header_3_line_height=&#8221;1.4em&#8221; text_orientation=&#8221;center&#8221; background_layout=&#8221;dark&#8221; custom_margin=&#8221;||&#8221; custom_margin_tablet=&#8221;5%||&#8221; custom_margin_last_edited=&#8221;on|tablet&#8221;]<\/p>\n<h3>ASIAN MARKETS<\/h3>\n<p>[\/et_pb_text][et_pb_text _builder_version=&#8221;3.19.4&#8243; text_font=&#8221;Open Sans||||||||&#8221; text_text_color=&#8221;#000000&#8243; text_font_size=&#8221;15px&#8221; text_line_height=&#8221;1.8em&#8221; header_font=&#8221;||||||||&#8221; header_text_color=&#8221;#000000&#8243; header_3_font=&#8221;|300|||||||&#8221; header_3_text_align=&#8221;center&#8221; header_3_font_size=&#8221;18px&#8221; header_3_line_height=&#8221;1.4em&#8221; background_layout=&#8221;dark&#8221; custom_css_main_element=&#8221;height:300px;&#8221;]<\/p>\n<h3><span style=\"color: #000000;\">Asia ofrece un panorama \u00fanico. Con China como l\u00edder en n\u00famero de consumidores, con m\u00e1s de 1.300 millones, y el deporte femenino en auge, el gigante asi\u00e1tico se convierte en un mercado muy atractivo tanto para las atletas como para las compa\u00f1\u00edas.<\/p>\n<p><\/span><\/h3>\n<h3><span style=\"color: #000000;\">Be Universal ofrece sus m\u00e1s de 20 a\u00f1os de experiencia en dicho mercado para conectar a las deportistas con millones de fans. Este hecho supone que podamos promocionar a cualquier utilizando me\u0301todos contrastados y eficaces, abriendo un gran nu\u0301mero de oportunidades.<\/span><\/h3>\n<p>[\/et_pb_text][et_pb_image src=&#8221;https:\/\/be-universal.com\/wp-content\/uploads\/2018\/12\/AsiaMap.png&#8221; _builder_version=&#8221;3.17.6&#8243; custom_margin_phone=&#8221;115px||&#8221; custom_margin_last_edited=&#8221;on|phone&#8221;]<br \/>\n[\/et_pb_image][\/et_pb_column][\/et_pb_row][\/et_pb_section]<\/p>","protected":false},"excerpt":{"rendered":"<p>[et_pb_section fb_built=&#8221;1&#8243; custom_padding_last_edited=&#8221;on|phone&#8221; _builder_version=&#8221;3.19.4&#8243; background_image=&#8221;https:\/\/be-universal.com\/wp-content\/uploads\/2019\/01\/Cabecera-e1547206327373.png&#8221; custom_margin=&#8221;||&#8221; custom_margin_phone=&#8221;0px||&#8221; custom_margin_last_edited=&#8221;on|desktop&#8221; custom_padding_phone=&#8221;0px||0px&#8221;][et_pb_row _builder_version=&#8221;3.17.6&#8243;][et_pb_column type=&#8221;4_4&#8243; _builder_version=&#8221;3.17.6&#8243; parallax=&#8221;off&#8221; parallax_method=&#8221;on&#8221;][et_pb_text _builder_version=&#8221;3.19.4&#8243; text_font=&#8221;||||||||&#8221; text_text_color=&#8221;#ffffff&#8221; text_font_size=&#8221;60px&#8221; text_font_size_phone=&#8221;31px&#8221; text_font_size_last_edited=&#8221;on|phone&#8221; text_orientation=&#8221;center&#8221; custom_margin_phone=&#8221;|||30px&#8221; custom_margin_last_edited=&#8221;on|phone&#8221;] OPPORTUNITIES [\/et_pb_text][\/et_pb_column][\/et_pb_row][\/et_pb_section][et_pb_section fb_built=&#8221;1&#8243; custom_padding_last_edited=&#8221;on|phone&#8221; admin_label=&#8221;Testimonials Section&#8221; _builder_version=&#8221;3.17.6&#8243; background_color=&#8221;rgba(255,255,255,0.85)&#8221; background_color_gradient_direction=&#8221;75deg&#8221; custom_padding=&#8221;68px|0|90px|0px|false|false&#8221; custom_padding_phone=&#8221;30px||30px&#8221;][et_pb_row use_custom_width=&#8221;on&#8221; _builder_version=&#8221;3.17.6&#8243; locked=&#8221;off&#8221;][et_pb_column type=&#8221;1_2&#8243; _builder_version=&#8221;3.0.47&#8243; parallax=&#8221;off&#8221; parallax_method=&#8221;on&#8221;][et_pb_text _builder_version=&#8221;3.19.5&#8243; text_font=&#8221;||||||||&#8221; header_font=&#8221;||||||||&#8221; header_text_align=&#8221;center&#8221; header_text_color=&#8221;#00CCFF&#8221; header_3_font=&#8221;Rubik|300|||||||&#8221; header_3_text_align=&#8221;center&#8221; header_3_text_color=&#8221;#00CCFF&#8221; header_3_font_size=&#8221;36px&#8221; header_3_line_height=&#8221;1.4em&#8221; text_orientation=&#8221;center&#8221; background_layout=&#8221;dark&#8221; custom_margin=&#8221;||||false&#8221; custom_margin_tablet=&#8221;0%||0%&#8221; [&hellip;]<\/p>","protected":false},"author":3,"featured_media":0,"parent":0,"menu_order":0,"comment_status":"closed","ping_status":"closed","template":"","meta":{"_et_pb_use_builder":"on","_et_pb_old_content":"","_et_gb_content_width":""},"_links":{"self":[{"href":"https:\/\/be-universal.com\/es\/wp-json\/wp\/v2\/pages\/18"}],"collection":[{"href":"https:\/\/be-universal.com\/es\/wp-json\/wp\/v2\/pages"}],"about":[{"href":"https:\/\/be-universal.com\/es\/wp-json\/wp\/v2\/types\/page"}],"author":[{"embeddable":true,"href":"https:\/\/be-universal.com\/es\/wp-json\/wp\/v2\/users\/3"}],"replies":[{"embeddable":true,"href":"https:\/\/be-universal.com\/es\/wp-json\/wp\/v2\/comments?post=18"}],"version-history":[{"count":44,"href":"https:\/\/be-universal.com\/es\/wp-json\/wp\/v2\/pages\/18\/revisions"}],"predecessor-version":[{"id":2603,"href":"https:\/\/be-universal.com\/es\/wp-json\/wp\/v2\/pages\/18\/revisions\/2603"}],"wp:attachment":[{"href":"https:\/\/be-universal.com\/es\/wp-json\/wp\/v2\/media?parent=18"}],"curies":[{"name":"wp","href":"https:\/\/api.w.org\/{rel}","templated":true}]}}